{"id":47420,"date":"2024-09-12T15:20:12","date_gmt":"2024-09-12T13:20:12","guid":{"rendered":"https:\/\/kupisimo.rs\/?post_type=product&#038;p=47420"},"modified":"2026-02-01T11:21:50","modified_gmt":"2026-02-01T10:21:50","slug":"super-upijajuca-podloga-za-cedjenje-sudova","status":"publish","type":"product","link":"https:\/\/kupisimo.rs\/index.php\/proizvod\/super-upijajuca-podloga-za-cedjenje-sudova\/","title":{"rendered":"Super upijaju\u0107a podloga za ce\u0111enje sudova"},"content":{"rendered":"","protected":false},"excerpt":{"rendered":"<div class=\"flex max-w-full flex-col flex-grow\">\n<div class=\"min-h-[20px] text-message flex w-full flex-col items-end gap-2 whitespace-normal break-words [.text-message+&amp;]:mt-5\" dir=\"auto\" data-message-author-role=\"assistant\" data-message-id=\"34f64bd6-f6c4-4920-b6e4-cf592112be54\">\n<div class=\"flex w-full flex-col gap-1 empty:hidden first:pt-[3px]\">\n<div class=\"markdown prose w-full break-words dark:prose-invert light\">\n<h2>Br\u017ee su\u0161enje sudova uz na\u0161u podlogu<\/h2>\n<p>Uz ovu inovativnu podlogu, voda se brzo upija, \u010dime se \u0161tite va\u0161i kuhinjski elementi i odr\u017eava njihova funkcionalnost.<\/p>\n<ul>\n<li><strong>Higijena na prvom mestu<\/strong>: Smanjuje rizik od stvaranja bakterija smanjenjem koli\u010dine vode na povr\u0161ini, doprinosi boljoj higijeni kuhinje.<\/li>\n<li><strong>Br\u017ee su\u0161enje sudova bez mrlja<\/strong>: Sudovi se su\u0161e br\u017ee i bez mrlja, ostaju\u0107i besprekorno \u010disti za slede\u0107u upotrebu.<\/li>\n<li><strong>\u0160iroka primena<\/strong>: Mo\u017ee se koristiti u kuhinji ili kupatilu, pru\u017eaju\u0107i svestranost u upotrebi.<\/li>\n<li><strong>Neklizaju\u0107a podloga<\/strong>: Stabilna i sigurna, mo\u017ee se koristiti kao podmeta\u010d za dasku za se\u010denje bez rizika od klizanja.<\/li>\n<\/ul>\n<h2>Prednosti za korisnika<\/h2>\n<ul>\n<li><strong>U\u0161tedite prostor u kuhinji<\/strong>: Kompaktna i efikasna, zauzima manje prostora od tradicionalnih su\u0161a\u010da za sudove, idealna za male kuhinje.<\/li>\n<li><strong>Kvalitet koji traje<\/strong>: Izra\u0111ena od izdr\u017eljivog materijala, dizajnirana da traje i zadr\u017ei svoj oblik i funkcionalnost godinama.<\/li>\n<li><strong>Jednostavno odr\u017eavanje<\/strong>: Laka za \u010di\u0161\u0107enje, samo prebri\u0161ite blagom te\u010dno\u0161\u0107u za sudove i isperite mlakom vodom, brza i jednostavna odr\u017eavanja.<\/li>\n<\/ul>\n<h2>Kratak opis proizvoda<\/h2>\n<p>Na\u0161a podloga za su\u0161enje sudova, sa dimenzijama 30&#215;40 cm, izra\u0111ena od diatomita i u elegantnoj crnoj boji, pru\u017ea br\u017ee su\u0161enje sudova i poma\u017ee u o\u010duvanju kuhinjskih elemenata.<\/p>\n<h3>Tehni\u010dke specifikacije<\/h3>\n<ul>\n<li><strong>Dimenzije<\/strong>: 30&#215;40 cm<\/li>\n<li><strong>Boja<\/strong>: Crna<\/li>\n<li><strong>Materijal<\/strong>: Diatomit<\/li>\n<\/ul>\n<\/div>\n<\/div>\n<\/div>\n<\/div>\n<div class=\"mt-1 flex gap-3 empty:hidden -ml-2\">\n<div class=\"items-center justify-start rounded-xl p-1 flex\">\n<div class=\"flex items-center\"><button class=\"rounded-lg text-token-text-secondary hover:bg-token-main-surface-secondary\" aria-label=\"Copy\" data-testid=\"copy-turn-action-button\"><\/button><\/p>\n<div class=\"flex items-center pb-0\">\n<div class=\"[&amp;_svg]:h-full [&amp;_svg]:w-full icon-md h-4 w-4\"><\/div>\n<p><span class=\"overflow-hidden text-clip whitespace-nowrap text-sm\">4o mini<\/span><\/div>\n<\/div>\n<\/div>\n<\/div>\n","protected":false},"featured_media":47424,"comment_status":"open","ping_status":"closed","template":"","meta":[],"product_brand":[],"product_cat":[81,72],"product_tag":[],"class_list":{"0":"post-47420","1":"product","2":"type-product","3":"status-publish","4":"has-post-thumbnail","6":"product_cat-kuhinja","7":"product_cat-sve-za-kucu","9":"first","10":"instock","11":"sale","12":"shipping-taxable","13":"purchasable","14":"product-type-simple"},"_links":{"self":[{"href":"https:\/\/kupisimo.rs\/index.php\/wp-json\/wp\/v2\/product\/47420","targetHints":{"allow":["GET"]}}],"collection":[{"href":"https:\/\/kupisimo.rs\/index.php\/wp-json\/wp\/v2\/product"}],"about":[{"href":"https:\/\/kupisimo.rs\/index.php\/wp-json\/wp\/v2\/types\/product"}],"replies":[{"embeddable":true,"href":"https:\/\/kupisimo.rs\/index.php\/wp-json\/wp\/v2\/comments?post=47420"}],"wp:featuredmedia":[{"embeddable":true,"href":"https:\/\/kupisimo.rs\/index.php\/wp-json\/wp\/v2\/media\/47424"}],"wp:attachment":[{"href":"https:\/\/kupisimo.rs\/index.php\/wp-json\/wp\/v2\/media?parent=47420"}],"wp:term":[{"taxonomy":"product_brand","embeddable":true,"href":"https:\/\/kupisimo.rs\/index.php\/wp-json\/wp\/v2\/product_brand?post=47420"},{"taxonomy":"product_cat","embeddable":true,"href":"https:\/\/kupisimo.rs\/index.php\/wp-json\/wp\/v2\/product_cat?post=47420"},{"taxonomy":"product_tag","embeddable":true,"href":"https:\/\/kupisimo.rs\/index.php\/wp-json\/wp\/v2\/product_tag?post=47420"}],"curies":[{"name":"wp","href":"https:\/\/api.w.org\/{rel}","templated":true}]}}