{"id":44507,"date":"2022-09-01T18:11:20","date_gmt":"2022-09-01T16:11:20","guid":{"rendered":"https:\/\/kupisimo.rs\/?post_type=product&#038;p=44507"},"modified":"2026-01-15T02:33:22","modified_gmt":"2026-01-15T01:33:22","slug":"steznik-za-oblikovanje-zadnjice","status":"publish","type":"product","link":"https:\/\/kupisimo.rs\/index.php\/proizvod\/steznik-za-oblikovanje-zadnjice\/","title":{"rendered":"Steznik za oblikovanje zadnjice"},"content":{"rendered":"","protected":false},"excerpt":{"rendered":"<p><span style=\"font-weight: 400; color: #000000;\">Savr\u0161ena figura bez ikakvog mu\u010denja!<\/span><\/p>\n<h3><span style=\"color: #000000;\"><b>Podignite i zategnite zadnjicu za nekoliko sekundi\u00a0<\/b><\/span><\/h3>\n<p><span style=\"font-weight: 400; color: #000000;\">Svaka \u017eena ma\u0161ta o savr\u0161eno oblikovanoj zadnjici i izvajanoj pozadini kada obu\u010de neke pantalone ili suknju. Sada taj san mo\u017ee postati realnost uz na\u0161e specijalno dizajnirane steznike za oblikovanje!<\/span><\/p>\n<p><span style=\"color: #000000;\"><b>Izgledajte savr\u0161eno u svakoj odevnoj kombinaciji \u2013 <\/b><span style=\"font-weight: 400;\">Obucite steznik ispod bilo koje ode\u0107e i u trenutku \u0107ete dobiti savr\u0161eno oblikovanu liniju! Posti\u0107i \u0107ete efekat kao da ste mesecima radili u teretani na takvoj figuri!<\/span><\/span><\/p>\n<p><span style=\"color: #000000;\"><b>Ne prim\u0107uje se ispod garderobe \u2013 <\/b><span style=\"font-weight: 400;\">Kroj steznika je izuzetno suptilan i izra\u0111en je tako da se ne primeti ispod ode\u0107e. Mo\u017eete obu\u0107i najte\u0161nju suknju, haljinu, \u0161orts bez problema \u2013 apsolutno se ni\u0161ta ne\u0107e ocrtati \u2013 niko ne\u0107e znati tajnu Va\u0161e savr\u0161ene zadnjice.<\/span><\/span><\/p>\n<p><span style=\"color: #000000;\"><b>Dri\u017ei i stomak pod kontrolom \u2013 <\/b><span style=\"font-weight: 400;\">Steznik ujedno nale\u017ee i na stomak, tako da spre\u010dava da se vide spojleri ili neki kilogram vi\u0161ka. Ne\u017eno prianja na va\u0161u ko\u017eu i sve raspore\u0111uje u savr\u0161eno oblikovanu figuru.\u00a0<\/span><\/span><\/p>\n<p><span style=\"color: #000000;\"><b>Istaknite svoju \u017eenstvenost <\/b><span style=\"font-weight: 400;\">\u2013 Izgledajte uvek privla\u010dno, atraktivno, seksi! Potreban Vam je samo \u0161irok osmeh na licu i na\u0161 jedinstven steznik za oblikovanje zadnjice koji pravi savr\u0161enu liniju u tren oka!<\/span><\/span><\/p>\n<h3><span style=\"color: #000000;\"><b>Budite puni samopouzdanja<\/b><\/span><\/h3>\n<p><span style=\"color: #000000;\"><span style=\"font-weight: 400;\">Kora\u010dajte sigurno i veselo! Oborite svakog s nogu kada se pojavite negde i zasenite svojom \u010dvrstom i podignutom zadnjicom!<\/span><b>\u00a0<\/b><\/span><\/p>\n<p><span style=\"color: #000000;\"><b>Neverovatna udobnost \u2013 <\/b><span style=\"font-weight: 400;\">Ne\u0107ete ni osetiti da nosite steznik ispod ode\u0107e s obzirom da je vrlo prijatan, rastegljiv i ne izaziva iritacije, svrab i nelagodu!\u00a0<\/span><\/span><\/p>\n<p><span style=\"color: #000000;\"><b>Savr\u0161en poklon za svaku damu \u2013 <\/b><span style=\"font-weight: 400;\">Ukoliko \u017eelite da poklonite \u017eenskoj osobi ne\u0161to \u0161to \u0107e sigrno obo\u017eavati, onda je ovaj steznik pun pogodak!\u00a0<\/span><\/span><\/p>\n<p><span style=\"color: #000000;\"><b>Za razne prilike \u2013 <\/b><span style=\"font-weight: 400;\">Steznik je idealan za ven\u010danja, proslave, \u017eurke, mature, ali i za svakodnevne prilike poput odlaska na posao, \u0161etnju itd.\u00a0<\/span><\/span><\/p>\n<h3><span style=\"color: #000000;\"><b>Steznik za oblikovanje zadnjice<\/b><\/span><\/h3>\n<p><span style=\"font-weight: 400; color: #000000;\">\u017delite da Vam svaki komad ode\u0107e stoji savr\u0161eno? \u017delite da Va\u0161a zadnjica izgleda kao da ste trenirali mesecima? Ne brinite, imamo savr\u0161en steznik za oblikovanje koji prirodno zate\u017ee i podi\u017ee zadnjicu, a istovremeno oblikuje stomak u savr\u0161en pe\u0161\u010dani sat. Izgleda\u0107ete tako privla\u010dno, a steznik se ne\u0107e ocrtati ispod Va\u0161e ode\u0107e! Savr\u0161eno re\u0161enje za svaku damu koja \u017eeli da zaseni sve svojom pojavom!<\/span><\/p>\n<h3><span style=\"color: #000000;\"><b>Tehni\u010dke specifikacije:\u00a0<\/b><\/span><\/h3>\n<p><span style=\"color: #000000;\"><b>Boja: <\/b><span style=\"font-weight: 400;\">Crna<\/span><\/span><\/p>\n<p><span style=\"color: #000000;\"><b>Materijal: <\/b><span style=\"font-weight: 400;\">najlon, spandeks<\/span><\/span><\/p>\n","protected":false},"featured_media":44508,"comment_status":"open","ping_status":"closed","template":"","meta":[],"product_brand":[],"product_cat":[71],"product_tag":[],"class_list":{"0":"post-44507","1":"product","2":"type-product","3":"status-publish","4":"has-post-thumbnail","6":"product_cat-lepota-i-zdravlje","8":"first","9":"instock","10":"sale","11":"shipping-taxable","12":"purchasable","13":"product-type-variable"},"_links":{"self":[{"href":"https:\/\/kupisimo.rs\/index.php\/wp-json\/wp\/v2\/product\/44507","targetHints":{"allow":["GET"]}}],"collection":[{"href":"https:\/\/kupisimo.rs\/index.php\/wp-json\/wp\/v2\/product"}],"about":[{"href":"https:\/\/kupisimo.rs\/index.php\/wp-json\/wp\/v2\/types\/product"}],"replies":[{"embeddable":true,"href":"https:\/\/kupisimo.rs\/index.php\/wp-json\/wp\/v2\/comments?post=44507"}],"wp:featuredmedia":[{"embeddable":true,"href":"https:\/\/kupisimo.rs\/index.php\/wp-json\/wp\/v2\/media\/44508"}],"wp:attachment":[{"href":"https:\/\/kupisimo.rs\/index.php\/wp-json\/wp\/v2\/media?parent=44507"}],"wp:term":[{"taxonomy":"product_brand","embeddable":true,"href":"https:\/\/kupisimo.rs\/index.php\/wp-json\/wp\/v2\/product_brand?post=44507"},{"taxonomy":"product_cat","embeddable":true,"href":"https:\/\/kupisimo.rs\/index.php\/wp-json\/wp\/v2\/product_cat?post=44507"},{"taxonomy":"product_tag","embeddable":true,"href":"https:\/\/kupisimo.rs\/index.php\/wp-json\/wp\/v2\/product_tag?post=44507"}],"curies":[{"name":"wp","href":"https:\/\/api.w.org\/{rel}","templated":true}]}}